{"id":42,"date":"2025-02-22T14:53:29","date_gmt":"2025-02-22T11:53:29","guid":{"rendered":"https:\/\/www.vakumpompasitamiri.com\/?page_id=42"},"modified":"2025-02-22T14:53:29","modified_gmt":"2025-02-22T11:53:29","slug":"hakkimizda","status":"publish","type":"page","link":"https:\/\/www.vakumpompasitamiri.com\/index.php\/hakkimizda\/","title":{"rendered":"Hakk\u0131m\u0131zda"},"content":{"rendered":"<p>2011 y\u0131l\u0131nda faaliyete ba\u015flayan VAKUM POMPA TAM\u0130R SERV\u0130S\u0130M\u0130Z vakum pompas\u0131 ve vakum busteri kullanmakta olan i\u015fletmelere tamir ve orijinal yedek par\u00e7a ile servis hizmeti vermeye ba\u015flami\u015ftir. Servisimiz e\u011fitimli ve i\u015finde uzman kadromuzla m\u00fc\u015fterilerimize orijinal malzeme kullan\u0131m\u0131 ile tamiri yap\u0131lan vakum pompas\u0131 ve busterinin bakim ile tamiri esnas\u0131ndaki i\u015f\u00e7iligimizle yedek par\u00e7adan kaynaklanan ar\u0131zalardan dolay\u0131 yap\u0131lan i\u015flerimiz 6 ay servis garantimiz alt\u0131nda olmak \u015fart\u0131 ile m\u00fc\u015fterilerimize hizmet vermektedir.<\/p>\n","protected":false},"excerpt":{"rendered":"<p>2011 y\u0131l\u0131nda faaliyete ba\u015flayan VAKUM POMPA TAM\u0130R SERV\u0130S\u0130M\u0130Z vakum pompas\u0131 ve vakum busteri kullanmakta olan i\u015fletmelere tamir ve orijinal yedek par\u00e7a ile servis hizmeti vermeye ba\u015flami\u015ftir. Servisimiz e\u011fitimli ve i\u015finde uzman kadromuzla m\u00fc\u015fterilerimize orijinal malzeme kullan\u0131m\u0131 ile tamiri yap\u0131lan vakum pompas\u0131 ve busterinin bakim ile tamiri esnas\u0131ndaki i\u015f\u00e7iligimizle yedek par\u00e7adan kaynaklanan ar\u0131zalardan dolay\u0131 yap\u0131lan i\u015flerimiz<\/p>\n","protected":false},"author":1,"featured_media":0,"parent":0,"menu_order":0,"comment_status":"closed","ping_status":"closed","template":"","meta":{"footnotes":""},"class_list":["post-42","page","type-page","status-publish","hentry"],"_links":{"self":[{"href":"https:\/\/www.vakumpompasitamiri.com\/index.php\/wp-json\/wp\/v2\/pages\/42","targetHints":{"allow":["GET"]}}],"collection":[{"href":"https:\/\/www.vakumpompasitamiri.com\/index.php\/wp-json\/wp\/v2\/pages"}],"about":[{"href":"https:\/\/www.vakumpompasitamiri.com\/index.php\/wp-json\/wp\/v2\/types\/page"}],"author":[{"embeddable":true,"href":"https:\/\/www.vakumpompasitamiri.com\/index.php\/wp-json\/wp\/v2\/users\/1"}],"replies":[{"embeddable":true,"href":"https:\/\/www.vakumpompasitamiri.com\/index.php\/wp-json\/wp\/v2\/comments?post=42"}],"version-history":[{"count":1,"href":"https:\/\/www.vakumpompasitamiri.com\/index.php\/wp-json\/wp\/v2\/pages\/42\/revisions"}],"predecessor-version":[{"id":46,"href":"https:\/\/www.vakumpompasitamiri.com\/index.php\/wp-json\/wp\/v2\/pages\/42\/revisions\/46"}],"wp:attachment":[{"href":"https:\/\/www.vakumpompasitamiri.com\/index.php\/wp-json\/wp\/v2\/media?parent=42"}],"curies":[{"name":"wp","href":"https:\/\/api.w.org\/{rel}","templated":true}]}}